{"id":31,"date":"2025-02-05T09:21:32","date_gmt":"2025-02-05T09:21:32","guid":{"rendered":"https:\/\/1xbetalgeria.org\/fr\/?page_id=31"},"modified":"2025-02-06T13:03:22","modified_gmt":"2025-02-06T13:03:22","slug":"inscription","status":"publish","type":"page","link":"https:\/\/1xbetalgeria.org\/fr\/inscription\/","title":{"rendered":"Inscription"},"content":{"rendered":"\n<p><\/p>\n\n\n\n<div class=\"wp-block-buttons is-content-justification-center is-layout-flex wp-container-core-buttons-is-layout-1 wp-block-buttons-is-layout-flex\">\n<div class=\"wp-block-button btn-reg\"><a class=\"wp-block-button__link wp-element-button\">T\u00e9l\u00e9charger<\/a><\/div>\n\n\n\n<div class=\"wp-block-button btn-reg\"><a class=\"wp-block-button__link wp-element-button\">Inscription<\/a><\/div>\n<\/div>\n\n\n\n<h1 class=\"wp-block-heading\">Cr\u00e9er un Compte sur 1xBet Alg\u00e9rie<\/h1>\n\n\n\n<p>S\u2019inscrire sur 1xBet Alg\u00e9rie est un processus simple et rapide, con\u00e7u pour vous permettre d\u2019acc\u00e9der en quelques minutes \u00e0 une large s\u00e9lection de paris sportifs et de jeux de casino. Gr\u00e2ce \u00e0 une interface intuitive, la 1xbet inscription peut \u00eatre effectu\u00e9e en plusieurs m\u00e9thodes adapt\u00e9es aux pr\u00e9f\u00e9rences des joueurs alg\u00e9riens. Que vous choisissiez une 1xbet apk inscription via l\u2019application mobile, une 1xbet mobile inscription directement depuis votre smartphone, ou encore une 1xbet inscription en un clic, vous pourrez commencer \u00e0 jouer imm\u00e9diatement apr\u00e8s validation.&nbsp;<\/p>\n\n\n\n<h2 class=\"wp-block-heading\">Guide d\u2019Inscription 1xBet Alg\u00e9rie<\/h2>\n\n\n\n<figure class=\"wp-block-image alignright size-full is-resized\"><img loading=\"lazy\" decoding=\"async\" width=\"600\" height=\"574\" src=\"https:\/\/1xbetalgeria.org\/fr\/wp-content\/uploads\/sites\/2\/2025\/02\/photo_2025-02-05_13-24-13.jpg\" alt=\"\" class=\"wp-image-80\" style=\"width:361px;height:auto\" srcset=\"https:\/\/1xbetalgeria.org\/fr\/wp-content\/uploads\/sites\/2\/2025\/02\/photo_2025-02-05_13-24-13.jpg 600w, https:\/\/1xbetalgeria.org\/fr\/wp-content\/uploads\/sites\/2\/2025\/02\/photo_2025-02-05_13-24-13-300x287.jpg 300w\" sizes=\"auto, (max-width: 600px) 100vw, 600px\" \/><\/figure>\n\n\n\n<p>Suivez ces \u00e9tapes simples pour cr\u00e9er un compte 1xBet Alg\u00e9rie et commencer \u00e0 parier :<\/p>\n\n\n\n<ol class=\"wp-block-list\">\n<li>Cliquez sur le bouton d\u2019inscription sur notre site.<\/li>\n\n\n\n<li>Choisissez une m\u00e9thode d\u2019inscription :<br><strong>En un clic<\/strong> \u2013 Option rapide pour s\u2019inscrire imm\u00e9diatement.<br><strong>Par num\u00e9ro de t\u00e9l\u00e9phone<\/strong> \u2013 Recevez un code de confirmation pour valider votre compte.<br><strong>Par e-mail <\/strong>\u2013 Remplissez vos informations personnelles et confirmez via votre bo\u00eete mail.<br><strong>Via les r\u00e9seaux sociaux<\/strong> \u2013 Connectez-vous en utilisant un compte existant (Google, Telegram, etc.).<\/li>\n\n\n\n<li>Remplissez les informations demand\u00e9es (nom, pr\u00e9nom, devise, mot de passe).<\/li>\n\n\n\n<li>Saisissez un code promo si disponible pour obtenir un bonus d\u2019inscription exclusif.<\/li>\n\n\n\n<li>Confirmez votre inscription en validant votre compte par e-mail ou SMS.<\/li>\n\n\n\n<li>Connectez-vous \u00e0 votre compte en utilisant vos identifiants.<\/li>\n\n\n\n<li>Effectuez un premier d\u00e9p\u00f4t et commencez \u00e0 parier imm\u00e9diatement.<\/li>\n<\/ol>\n\n\n\n<h2 class=\"wp-block-heading\">V\u00e9rification de Compte<\/h2>\n\n\n\n<ol class=\"wp-block-list\">\n<li>Acc\u00e9dez \u00e0 votre compte et ouvrez la section \u201cV\u00e9rification\u201d.<\/li>\n\n\n\n<li>T\u00e9l\u00e9chargez les documents requis :<br>Carte d\u2019identit\u00e9 ou passeport pour confirmer votre identit\u00e9.<br>Justificatif de domicile (facture d\u2019\u00e9lectricit\u00e9, eau ou t\u00e9l\u00e9phone) pour v\u00e9rifier votre adresse.<\/li>\n\n\n\n<li>Attendez la validation de votre compte, ce processus prend g\u00e9n\u00e9ralement quelques heures.<\/li>\n\n\n\n<li>Une fois valid\u00e9, profitez de tous les avantages de 1xBet, y compris les retraits rapides et les promotions exclusives.<\/li>\n<\/ol>\n\n\n\n<h2 class=\"wp-block-heading\">1xBet Apk Inscription<\/h2>\n\n\n\n<p>S\u2019inscrire via 1xBet Apk est simple et rapide. Gr\u00e2ce \u00e0 l\u2019application, vous pouvez cr\u00e9er un compte en quelques clics et commencer \u00e0 profiter des meilleures offres de paris en ligne.<\/p>\n\n\n\n<ol class=\"wp-block-list\">\n<li>Cliquez sur le bouton de t\u00e9l\u00e9chargement sur notre site pour installer l\u2019APK 1xBet sur votre appareil Android ou iOS.<\/li>\n\n\n\n<li>Ouvrez l\u2019application et appuyez sur \u201cInscription\u201d.<\/li>\n\n\n\n<li>Choisissez votre m\u00e9thode d\u2019inscription :<br>En un clic pour une inscription ultra-rapide.<br>Avec un num\u00e9ro de t\u00e9l\u00e9phone pour une validation par SMS.<br>Par e-mail pour une inscription compl\u00e8te avec toutes les informations requises.<br>Via les r\u00e9seaux sociaux pour lier votre compte existant.<\/li>\n\n\n\n<li>Remplissez les champs obligatoires et d\u00e9finissez un mot de passe s\u00e9curis\u00e9.<\/li>\n\n\n\n<li>Confirmez votre inscription et connectez-vous pour acc\u00e9der aux paris et promotions.<\/li>\n<\/ol>\n\n\n\n<h2 class=\"wp-block-heading\">S\u2019inscrire avec un Code Promo<\/h2>\n\n\n\n<ol class=\"wp-block-list\">\n<li>Ouvrez le formulaire d\u2019inscription via l\u2019application ou le site.<\/li>\n\n\n\n<li>Saisissez un code promo dans le champ d\u00e9di\u00e9 pour activer votre bonus de bienvenue.<\/li>\n\n\n\n<li>Validez votre compte et effectuez votre premier d\u00e9p\u00f4t pour recevoir le bonus imm\u00e9diatement.<\/li>\n\n\n\n<li>Utilisez votre bonus pour parier sur les sports, le casino et bien plus encore.<\/li>\n<\/ol>\n\n\n\n<p><strong>Astuce : <\/strong>Activez votre code promo lors de l\u2019inscription pour maximiser vos gains d\u00e8s le d\u00e9but.<\/p>\n\n\n\n<h2 class=\"wp-block-heading\">Commencer \u00e0 Parier sur 1xBet Alg\u00e9rie<\/h2>\n\n\n\n<p>Une fois inscrit, il est temps de placer vos premiers paris sur 1xBet Alg\u00e9rie :<\/p>\n\n\n\n<ol class=\"wp-block-list\">\n<li>Connectez-vous \u00e0 votre compte depuis l\u2019application ou le site.<\/li>\n\n\n\n<li>Effectuez un d\u00e9p\u00f4t via l\u2019une des m\u00e9thodes de paiement disponibles.<\/li>\n\n\n\n<li>Acc\u00e9dez aux paris sportifs et s\u00e9lectionnez votre \u00e9v\u00e9nement favori.<\/li>\n\n\n\n<li>Choisissez votre type de pari (simple, combin\u00e9, en direct, etc.).<\/li>\n\n\n\n<li>Validez votre mise et attendez les r\u00e9sultats pour retirer vos gains.<\/li>\n<\/ol>\n","protected":false},"excerpt":{"rendered":"<p>Cr\u00e9er un Compte sur 1xBet Alg\u00e9rie S\u2019inscrire sur 1xBet Alg\u00e9rie est un processus simple et rapide, con\u00e7u pour vous permettre [&hellip;]<\/p>\n","protected":false},"author":1,"featured_media":0,"parent":0,"menu_order":0,"comment_status":"closed","ping_status":"closed","template":"","meta":{"site-sidebar-layout":"default","site-content-layout":"","ast-site-content-layout":"","site-content-style":"default","site-sidebar-style":"default","ast-global-header-display":"","ast-banner-title-visibility":"","ast-main-header-display":"","ast-hfb-above-header-display":"","ast-hfb-below-header-display":"","ast-hfb-mobile-header-display":"","site-post-title":"disabled","ast-breadcrumbs-content":"","ast-featured-img":"","footer-sml-layout":"","ast-disable-related-posts":"","theme-transparent-header-meta":"","adv-header-id-meta":"","stick-header-meta":"","header-above-stick-meta":"","header-main-stick-meta":"","header-below-stick-meta":"","astra-migrate-meta-layouts":"default","ast-page-background-enabled":"default","ast-page-background-meta":{"desktop":{"background-color":"var(--ast-global-color-5)","background-image":"","background-repeat":"repeat","background-position":"center center","background-size":"auto","background-attachment":"scroll","background-type":"","background-media":"","overlay-type":"","overlay-color":"","overlay-opacity":"","overlay-gradient":""},"tablet":{"background-color":"","background-image":"","background-repeat":"repeat","background-position":"center center","background-size":"auto","background-attachment":"scroll","background-type":"","background-media":"","overlay-type":"","overlay-color":"","overlay-opacity":"","overlay-gradient":""},"mobile":{"background-color":"","background-image":"","background-repeat":"repeat","background-position":"center center","background-size":"auto","background-attachment":"scroll","background-type":"","background-media":"","overlay-type":"","overlay-color":"","overlay-opacity":"","overlay-gradient":""}},"ast-content-background-meta":{"desktop":{"background-color":"var(--ast-global-color-4)","background-image":"","background-repeat":"repeat","background-position":"center center","background-size":"auto","background-attachment":"scroll","background-type":"","background-media":"","overlay-type":"","overlay-color":"","overlay-opacity":"","overlay-gradient":""},"tablet":{"background-color":"var(--ast-global-color-4)","background-image":"","background-repeat":"repeat","background-position":"center center","background-size":"auto","background-attachment":"scroll","background-type":"","background-media":"","overlay-type":"","overlay-color":"","overlay-opacity":"","overlay-gradient":""},"mobile":{"background-color":"var(--ast-global-color-4)","background-image":"","background-repeat":"repeat","background-position":"center center","background-size":"auto","background-attachment":"scroll","background-type":"","background-media":"","overlay-type":"","overlay-color":"","overlay-opacity":"","overlay-gradient":""}},"footnotes":""},"class_list":["post-31","page","type-page","status-publish","hentry"],"yoast_head":"<!-- This site is optimized with the Yoast SEO plugin v24.8.1 - https:\/\/yoast.com\/wordpress\/plugins\/seo\/ -->\n<title>1xBet Inscription Alg\u00e9rie Compl\u00e8te<\/title>\n<meta name=\"robots\" content=\"index, follow, max-snippet:-1, max-image-preview:large, max-video-preview:-1\" \/>\n<link rel=\"canonical\" href=\"https:\/\/1xbetalgeria.org\/fr\/inscription\/\" \/>\n<meta property=\"og:locale\" content=\"fr_FR\" \/>\n<meta property=\"og:type\" content=\"article\" \/>\n<meta property=\"og:title\" content=\"1xBet Inscription Alg\u00e9rie Compl\u00e8te\" \/>\n<meta property=\"og:description\" content=\"Cr\u00e9er un Compte sur 1xBet Alg\u00e9rie S\u2019inscrire sur 1xBet Alg\u00e9rie est un processus simple et rapide, con\u00e7u pour vous permettre [&hellip;]\" \/>\n<meta property=\"og:url\" content=\"https:\/\/1xbetalgeria.org\/fr\/inscription\/\" \/>\n<meta property=\"og:site_name\" content=\"1xbet Alg\u00e9rie\" \/>\n<meta property=\"article:modified_time\" content=\"2025-02-06T13:03:22+00:00\" \/>\n<meta property=\"og:image\" content=\"https:\/\/1xbetalgeria.org\/fr\/wp-content\/uploads\/sites\/2\/2025\/02\/photo_2025-02-05_13-24-13.jpg\" \/>\n\t<meta property=\"og:image:width\" content=\"600\" \/>\n\t<meta property=\"og:image:height\" content=\"574\" \/>\n\t<meta property=\"og:image:type\" content=\"image\/jpeg\" \/>\n<meta name=\"twitter:card\" content=\"summary_large_image\" \/>\n<meta name=\"twitter:label1\" content=\"Dur\u00e9e de lecture estim\u00e9e\" \/>\n\t<meta name=\"twitter:data1\" content=\"3 minutes\" \/>\n<script type=\"application\/ld+json\" class=\"yoast-schema-graph\">{\"@context\":\"https:\/\/schema.org\",\"@graph\":[{\"@type\":\"WebPage\",\"@id\":\"https:\/\/1xbetalgeria.org\/fr\/inscription\/\",\"url\":\"https:\/\/1xbetalgeria.org\/fr\/inscription\/\",\"name\":\"1xBet Inscription Alg\u00e9rie Compl\u00e8te\",\"isPartOf\":{\"@id\":\"https:\/\/1xbetalgeria.org\/fr\/#website\"},\"primaryImageOfPage\":{\"@id\":\"https:\/\/1xbetalgeria.org\/fr\/inscription\/#primaryimage\"},\"image\":{\"@id\":\"https:\/\/1xbetalgeria.org\/fr\/inscription\/#primaryimage\"},\"thumbnailUrl\":\"https:\/\/1xbetalgeria.org\/fr\/wp-content\/uploads\/sites\/2\/2025\/02\/photo_2025-02-05_13-24-13.jpg\",\"datePublished\":\"2025-02-05T09:21:32+00:00\",\"dateModified\":\"2025-02-06T13:03:22+00:00\",\"breadcrumb\":{\"@id\":\"https:\/\/1xbetalgeria.org\/fr\/inscription\/#breadcrumb\"},\"inLanguage\":\"fr-FR\",\"potentialAction\":[{\"@type\":\"ReadAction\",\"target\":[\"https:\/\/1xbetalgeria.org\/fr\/inscription\/\"]}]},{\"@type\":\"ImageObject\",\"inLanguage\":\"fr-FR\",\"@id\":\"https:\/\/1xbetalgeria.org\/fr\/inscription\/#primaryimage\",\"url\":\"https:\/\/1xbetalgeria.org\/fr\/wp-content\/uploads\/sites\/2\/2025\/02\/photo_2025-02-05_13-24-13.jpg\",\"contentUrl\":\"https:\/\/1xbetalgeria.org\/fr\/wp-content\/uploads\/sites\/2\/2025\/02\/photo_2025-02-05_13-24-13.jpg\",\"width\":600,\"height\":574},{\"@type\":\"BreadcrumbList\",\"@id\":\"https:\/\/1xbetalgeria.org\/fr\/inscription\/#breadcrumb\",\"itemListElement\":[{\"@type\":\"ListItem\",\"position\":1,\"name\":\"Home\",\"item\":\"https:\/\/1xbetalgeria.org\/fr\/\"},{\"@type\":\"ListItem\",\"position\":2,\"name\":\"Inscription\"}]},{\"@type\":\"WebSite\",\"@id\":\"https:\/\/1xbetalgeria.org\/fr\/#website\",\"url\":\"https:\/\/1xbetalgeria.org\/fr\/\",\"name\":\"1xbet Alg\u00e9rie\",\"description\":\"\",\"publisher\":{\"@id\":\"https:\/\/1xbetalgeria.org\/fr\/#organization\"},\"potentialAction\":[{\"@type\":\"SearchAction\",\"target\":{\"@type\":\"EntryPoint\",\"urlTemplate\":\"https:\/\/1xbetalgeria.org\/fr\/?s={search_term_string}\"},\"query-input\":{\"@type\":\"PropertyValueSpecification\",\"valueRequired\":true,\"valueName\":\"search_term_string\"}}],\"inLanguage\":\"fr-FR\"},{\"@type\":\"Organization\",\"@id\":\"https:\/\/1xbetalgeria.org\/fr\/#organization\",\"name\":\"1xbet Alg\u00e9rie\",\"url\":\"https:\/\/1xbetalgeria.org\/fr\/\",\"logo\":{\"@type\":\"ImageObject\",\"inLanguage\":\"fr-FR\",\"@id\":\"https:\/\/1xbetalgeria.org\/fr\/#\/schema\/logo\/image\/\",\"url\":\"https:\/\/1xbetalgeria.org\/fr\/wp-content\/uploads\/sites\/2\/2025\/01\/1xbet-logo.webp\",\"contentUrl\":\"https:\/\/1xbetalgeria.org\/fr\/wp-content\/uploads\/sites\/2\/2025\/01\/1xbet-logo.webp\",\"width\":1600,\"height\":395,\"caption\":\"1xbet Alg\u00e9rie\"},\"image\":{\"@id\":\"https:\/\/1xbetalgeria.org\/fr\/#\/schema\/logo\/image\/\"}}]}<\/script>\n<!-- \/ Yoast SEO plugin. -->","yoast_head_json":{"title":"1xBet Inscription Alg\u00e9rie Compl\u00e8te","robots":{"index":"index","follow":"follow","max-snippet":"max-snippet:-1","max-image-preview":"max-image-preview:large","max-video-preview":"max-video-preview:-1"},"canonical":"https:\/\/1xbetalgeria.org\/fr\/inscription\/","og_locale":"fr_FR","og_type":"article","og_title":"1xBet Inscription Alg\u00e9rie Compl\u00e8te","og_description":"Cr\u00e9er un Compte sur 1xBet Alg\u00e9rie S\u2019inscrire sur 1xBet Alg\u00e9rie est un processus simple et rapide, con\u00e7u pour vous permettre [&hellip;]","og_url":"https:\/\/1xbetalgeria.org\/fr\/inscription\/","og_site_name":"1xbet Alg\u00e9rie","article_modified_time":"2025-02-06T13:03:22+00:00","og_image":[{"width":600,"height":574,"url":"https:\/\/1xbetalgeria.org\/fr\/wp-content\/uploads\/sites\/2\/2025\/02\/photo_2025-02-05_13-24-13.jpg","type":"image\/jpeg"}],"twitter_card":"summary_large_image","twitter_misc":{"Dur\u00e9e de lecture estim\u00e9e":"3 minutes"},"schema":{"@context":"https:\/\/schema.org","@graph":[{"@type":"WebPage","@id":"https:\/\/1xbetalgeria.org\/fr\/inscription\/","url":"https:\/\/1xbetalgeria.org\/fr\/inscription\/","name":"1xBet Inscription Alg\u00e9rie Compl\u00e8te","isPartOf":{"@id":"https:\/\/1xbetalgeria.org\/fr\/#website"},"primaryImageOfPage":{"@id":"https:\/\/1xbetalgeria.org\/fr\/inscription\/#primaryimage"},"image":{"@id":"https:\/\/1xbetalgeria.org\/fr\/inscription\/#primaryimage"},"thumbnailUrl":"https:\/\/1xbetalgeria.org\/fr\/wp-content\/uploads\/sites\/2\/2025\/02\/photo_2025-02-05_13-24-13.jpg","datePublished":"2025-02-05T09:21:32+00:00","dateModified":"2025-02-06T13:03:22+00:00","breadcrumb":{"@id":"https:\/\/1xbetalgeria.org\/fr\/inscription\/#breadcrumb"},"inLanguage":"fr-FR","potentialAction":[{"@type":"ReadAction","target":["https:\/\/1xbetalgeria.org\/fr\/inscription\/"]}]},{"@type":"ImageObject","inLanguage":"fr-FR","@id":"https:\/\/1xbetalgeria.org\/fr\/inscription\/#primaryimage","url":"https:\/\/1xbetalgeria.org\/fr\/wp-content\/uploads\/sites\/2\/2025\/02\/photo_2025-02-05_13-24-13.jpg","contentUrl":"https:\/\/1xbetalgeria.org\/fr\/wp-content\/uploads\/sites\/2\/2025\/02\/photo_2025-02-05_13-24-13.jpg","width":600,"height":574},{"@type":"BreadcrumbList","@id":"https:\/\/1xbetalgeria.org\/fr\/inscription\/#breadcrumb","itemListElement":[{"@type":"ListItem","position":1,"name":"Home","item":"https:\/\/1xbetalgeria.org\/fr\/"},{"@type":"ListItem","position":2,"name":"Inscription"}]},{"@type":"WebSite","@id":"https:\/\/1xbetalgeria.org\/fr\/#website","url":"https:\/\/1xbetalgeria.org\/fr\/","name":"1xbet Alg\u00e9rie","description":"","publisher":{"@id":"https:\/\/1xbetalgeria.org\/fr\/#organization"},"potentialAction":[{"@type":"SearchAction","target":{"@type":"EntryPoint","urlTemplate":"https:\/\/1xbetalgeria.org\/fr\/?s={search_term_string}"},"query-input":{"@type":"PropertyValueSpecification","valueRequired":true,"valueName":"search_term_string"}}],"inLanguage":"fr-FR"},{"@type":"Organization","@id":"https:\/\/1xbetalgeria.org\/fr\/#organization","name":"1xbet Alg\u00e9rie","url":"https:\/\/1xbetalgeria.org\/fr\/","logo":{"@type":"ImageObject","inLanguage":"fr-FR","@id":"https:\/\/1xbetalgeria.org\/fr\/#\/schema\/logo\/image\/","url":"https:\/\/1xbetalgeria.org\/fr\/wp-content\/uploads\/sites\/2\/2025\/01\/1xbet-logo.webp","contentUrl":"https:\/\/1xbetalgeria.org\/fr\/wp-content\/uploads\/sites\/2\/2025\/01\/1xbet-logo.webp","width":1600,"height":395,"caption":"1xbet Alg\u00e9rie"},"image":{"@id":"https:\/\/1xbetalgeria.org\/fr\/#\/schema\/logo\/image\/"}}]}},"amp_enabled":true,"_links":{"self":[{"href":"https:\/\/1xbetalgeria.org\/fr\/wp-json\/wp\/v2\/pages\/31","targetHints":{"allow":["GET"]}}],"collection":[{"href":"https:\/\/1xbetalgeria.org\/fr\/wp-json\/wp\/v2\/pages"}],"about":[{"href":"https:\/\/1xbetalgeria.org\/fr\/wp-json\/wp\/v2\/types\/page"}],"author":[{"embeddable":true,"href":"https:\/\/1xbetalgeria.org\/fr\/wp-json\/wp\/v2\/users\/1"}],"replies":[{"embeddable":true,"href":"https:\/\/1xbetalgeria.org\/fr\/wp-json\/wp\/v2\/comments?post=31"}],"version-history":[{"count":3,"href":"https:\/\/1xbetalgeria.org\/fr\/wp-json\/wp\/v2\/pages\/31\/revisions"}],"predecessor-version":[{"id":90,"href":"https:\/\/1xbetalgeria.org\/fr\/wp-json\/wp\/v2\/pages\/31\/revisions\/90"}],"wp:attachment":[{"href":"https:\/\/1xbetalgeria.org\/fr\/wp-json\/wp\/v2\/media?parent=31"}],"curies":[{"name":"wp","href":"https:\/\/api.w.org\/{rel}","templated":true}]}}